{"id":2579,"date":"2021-01-22T15:46:20","date_gmt":"2021-01-22T14:46:20","guid":{"rendered":"http:\/\/www.bimectrasformatori.com\/?page_id=2579"},"modified":"2025-12-15T12:11:36","modified_gmt":"2025-12-15T11:11:36","slug":"note-legali","status":"publish","type":"page","link":"https:\/\/www.bimectrasformatori.com\/it\/note-legali\/","title":{"rendered":"Note legali"},"content":{"rendered":"\t\t<div data-elementor-type=\"wp-page\" data-elementor-id=\"2579\" class=\"elementor elementor-2579\">\n\t\t\t\t\t\t<section class=\"elementor-section elementor-top-section elementor-element elementor-element-dc27a70 clippy elementor-section-boxed elementor-section-height-default elementor-section-height-default\" data-id=\"dc27a70\" data-element_type=\"section\" data-e-type=\"section\">\n\t\t\t\t\t\t<div class=\"elementor-container elementor-column-gap-default\">\n\t\t\t\t\t<div class=\"elementor-column elementor-col-100 elementor-top-column elementor-element elementor-element-dfb2e06\" data-id=\"dfb2e06\" data-element_type=\"column\" data-e-type=\"column\">\n\t\t\t<div class=\"elementor-widget-wrap elementor-element-populated\">\n\t\t\t\t\t\t<div class=\"elementor-element elementor-element-62445ac elementor-widget elementor-widget-spacer\" data-id=\"62445ac\" data-element_type=\"widget\" data-e-type=\"widget\" data-widget_type=\"spacer.default\">\n\t\t\t\t<div class=\"elementor-widget-container\">\n\t\t\t\t\t\t\t<div class=\"elementor-spacer\">\n\t\t\t<div class=\"elementor-spacer-inner\"><\/div>\n\t\t<\/div>\n\t\t\t\t\t\t<\/div>\n\t\t\t\t<\/div>\n\t\t\t\t<div class=\"elementor-element elementor-element-09e1ed6 elementor-widget elementor-widget-heading\" data-id=\"09e1ed6\" data-element_type=\"widget\" data-e-type=\"widget\" data-widget_type=\"heading.default\">\n\t\t\t\t<div class=\"elementor-widget-container\">\n\t\t\t\t\t<h1 class=\"elementor-heading-title elementor-size-default\">note legali<\/h1>\t\t\t\t<\/div>\n\t\t\t\t<\/div>\n\t\t\t\t<div class=\"elementor-element elementor-element-3933cad elementor-widget elementor-widget-text-editor\" data-id=\"3933cad\" data-element_type=\"widget\" data-e-type=\"widget\" data-widget_type=\"text-editor.default\">\n\t\t\t\t<div class=\"elementor-widget-container\">\n\t\t\t\t\t\t\t\t\t<div class=\"sep-red\"><img decoding=\"async\" src=\"\/wp-content\/uploads\/2021\/01\/Linea_divisore_red-1.svg\" \/><\/div>\t\t\t\t\t\t\t\t<\/div>\n\t\t\t\t<\/div>\n\t\t\t\t<div class=\"elementor-element elementor-element-96869d8 elementor-widget elementor-widget-spacer\" data-id=\"96869d8\" data-element_type=\"widget\" data-e-type=\"widget\" data-widget_type=\"spacer.default\">\n\t\t\t\t<div class=\"elementor-widget-container\">\n\t\t\t\t\t\t\t<div class=\"elementor-spacer\">\n\t\t\t<div class=\"elementor-spacer-inner\"><\/div>\n\t\t<\/div>\n\t\t\t\t\t\t<\/div>\n\t\t\t\t<\/div>\n\t\t\t\t\t<\/div>\n\t\t<\/div>\n\t\t\t\t\t<\/div>\n\t\t<\/section>\n\t\t\t\t<section class=\"elementor-section elementor-top-section elementor-element elementor-element-f098938 elementor-section-boxed elementor-section-height-default elementor-section-height-default\" data-id=\"f098938\" data-element_type=\"section\" data-e-type=\"section\">\n\t\t\t\t\t\t<div class=\"elementor-container elementor-column-gap-default\">\n\t\t\t\t\t<div class=\"elementor-column elementor-col-100 elementor-top-column elementor-element elementor-element-801c61c\" data-id=\"801c61c\" data-element_type=\"column\" data-e-type=\"column\">\n\t\t\t<div class=\"elementor-widget-wrap elementor-element-populated\">\n\t\t\t\t\t\t<div class=\"elementor-element elementor-element-8e1abb1 elementor-widget elementor-widget-text-editor\" data-id=\"8e1abb1\" data-element_type=\"widget\" data-e-type=\"widget\" data-widget_type=\"text-editor.default\">\n\t\t\t\t<div class=\"elementor-widget-container\">\n\t\t\t\t\t\t\t\t\t<p><span class=\"titolo\">TERMINI DI UTILIZZO DEL SITO WWW.BIMECTRASFORMATORI.COM<\/span><\/p><p>Bi-mec s.r.l. mette a disposizione al pubblico attraverso questo sito web servizi e informazioni (qui di seguito denominati &#8220;contenuti&#8221;).<br \/>Si prega di leggere attentamente le condizioni di utilizzo prima di accedere a questo sito web.<br \/>L&#8217;accesso e il suo utilizzo presuppongono l&#8217;accettazione da parte dell&#8217;utente dei termini qui descritti ed eventuali loro modifiche qualora si rendessero necessarie che dovranno essere periodicamente verificate a cura dell&#8217;utente stesso per una sua migliore conoscenza e informazione.<br \/>Bi-mec non garantisce la legalit\u00e0 o accettabilit\u00e0 di questo sito web per quanto riguarda la giurisdizione di altri paesi.<br \/>Per eventuali messi in evidenza in questo sito web che vi permettano di lasciare il dominio italiano, ed entrare in altri di terze parti, Vi preghiamo di prendere visione del fatto che potrebbero essere applicati differenti condizioni di utilizzo o policy e raccomandiamo pertanto di prendere giusta nota di queste importanti informazioni. Bi-mec non rappresenta n\u00e8 \u00e8 garante di qualsiasi altro sito web di terze parti al quale possiate scegliere di accedere attraverso questo sito. Eventuali links proposti da Bi-mec ad altri siti sono forniti unicamente per vostra conoscenza: ci\u00f2 non implica quindi alcun tipo di adesione, da parte di Bi-mec ai contenuti di tali siti.<\/p><p><span class=\"titolo2\">Accesso al sito web<\/span><\/p><p>L&#8217;accesso al sito WWW.BIMECTRASFORMATORI.COM \u00e8 libero, senza autorizzazione preventiva, sottoscrizione o registrazione. Tuttavia, potrebbe essere richiesta la sottoscrizione o registrazione da parte dell&#8217;utente per il rilascio di alcune informazioni. Ci riserviamo comunque di di limitare l&#8217;accesso ad alcune parti del sito attraverso password ed user name. L&#8217;utilizzo di questo sito non implica alcun obbligo n\u00e8 alcuna garanzia da parte di Bi-mec. Azienda Bi-mec non \u00e8 responsabile della qualit\u00e0 e della velocit\u00e0 di accesso a questo sito e l&#8217;utente non potr\u00e0 richiedere alcun indennizzo derivante da eventuali perdite o danni connessi a tali circostanze. Bi-mec inoltre non sar\u00e0 responsabile di eventuali operazioni inesatte, danni, logorii, cancellazione di dati o software, che potrebbero accadere all&#8217;apparecchiatura o ai sistemi degli utenti come conseguenza diretta o indiretta all&#8217;accesso o l&#8217;intento di accesso al sito web.<\/p><p><span class=\"titolo2\">I contenuti<\/span><\/p><p>I testi, le fotografie, le immagini, i disegni, le animazioni, i clip audio e video sono di propriet\u00e0 di Bi-mec o sono stati concessi in licenza dai legittimi proprietari o autorizzati. Questo materiale \u00e8 protetto da diritto d&#8217;autore, marchio di fabbrica, registrazione ed altre leggi sulla propriet\u00e0 intellettuale. Nessuna parte di questo materiale pu\u00f2 essere riprodotta con procedimenti meccanici, fotografici o elettronici, n\u00e9 archiviata, trasmessa o copiata in altro modo, con l&#8217;eccezione dell&#8217;uso personale, senza precedente autorizzazione scritta nostra o dei legittimi proprietari. L&#8217;utente \u00e8 quindi autorizzato a vedere, scaricare e riprodurre i contenuti di questo sito web entro i limiti che la legge sul diritto d&#8217;autore stabilisce ed includendo in tutti i casi, l&#8217;avviso di copyright. Tutti i diritti sono riservati. Le informazioni contenute nel nostro sito sono meramente orientative e non sono finalizzate ad una comunicazione di tipo specialistico, n\u00e9 alla soluzione di tematiche complesse. Non viene pertanto rilasciata alcuna garanzia circa la completezza e la piena validit\u00e0 delle informazioni. Potrebbe anche accadere che vi siano errori materiali di scrittura (anche di tipo ortografico) per i quali ci scusiamo; le informazioni offerte nel nostro sito potranno subire aggiornamenti, cambiamenti e correzioni in ogni momento senza preventiva comunicazione all&#8217;utente.<\/p><p><span class=\"titolo2\">Norme relative all&#8217;utilizzo del sito<\/span><\/p><p>L&#8217;accesso o l&#8217;uso dei contenuti e servizi inclusi o forniti attraverso il sito web devono essere effettuati in conformit\u00e0 alle leggi vigenti. Bi-mec non \u00e8 responsabile delle conseguenze che potrebbero insorgere per un uso non corretto del sito web. Bi-mec si riserva la facolt\u00e0 di perseguire legalmente chiunque danneggi direttamente o indirettamente il sito e ci\u00f2 con particolare riguardo all&#8217;introduzione di virus o software che danneggino o possano danneggiare i contenuti e\/o il buon funzionamento del sito, delle attrezzature o i sistemi degli operatori del sito.<\/p><p><span class=\"titolo2\">L&#8217;uso di marchi e lo scambio di informazioni<\/span><\/p><p>Bi-mec non autorizza il ricevimento di informazioni confidenziali o di massima importanza attraverso questo sito web. Tutte le informazioni ricevute saranno considerate non-confidenziali, conseguentemente Bi-mec si riterr\u00e0 libera da ogni vincolo nell&#8217;uso delle stesse. Trasferendoci tali informazioni a mezzo del nostro sito web, e\/o attraverso e-mail, ci concederete la pi\u00f9 ampia libert\u00e0 di utilizzo di tali contenuti. Inoltre Bi-mec Vi autorizza a riprodurre le informazioni e le immagini contenute nel proprio sito per il solo uso individuale e Vi impegnate a non modificare n\u00e9 alterare i contenuti del materiale originario, ad utilizzare le immagini solo corredate dai testi originali, e ad includere sempre la nota : &#8220;Copyrights Bi-mec &#8211; Tutti i diritti riservati&#8221;. Tale materiale non potr\u00e0 essere utilizzato per nessuna finalit\u00e0 pubblica o di natura commerciale senza una specifica autorizzazione scritta di Bi-mec. Nel caso di materiale concessoci in licenza non potr\u00e0 essere utilizzato per nessuna finalit\u00e0 pubblica o di natura commerciale senza una specifica autorizzazione scritta dei legittimi proprietari o degli autorizzati. Questo sito web contiene altre informazioni generali riferite ad esempio alla riservatezza dei dati o al commercio elettronico. L&#8217;utente dovrebbe accedere anche a questi particolari termini e condizioni.<\/p><p><span class=\"titolo2\">Legge applicabile<\/span><\/p><p>L&#8217;uso e l&#8217;accesso a questo sito web sono regolamentati conformemente alla Legge italiana. Bi-mec e l&#8217;utente saranno sottomessi alla Giurisdizione esclusiva del Foro di Vicenza, Italia.<\/p>\t\t\t\t\t\t\t\t<\/div>\n\t\t\t\t<\/div>\n\t\t\t\t\t<\/div>\n\t\t<\/div>\n\t\t\t\t\t<\/div>\n\t\t<\/section>\n\t\t\t\t<\/div>\n\t\t","protected":false},"excerpt":{"rendered":"<p>note legali TERMINI DI UTILIZZO DEL SITO WWW.BIMECTRASFORMATORI.COM Bi-mec s.r.l. mette a disposizione al pubblico attraverso questo sito web servizi e informazioni (qui di seguito denominati &#8220;contenuti&#8221;).Si prega di leggere attentamente le condizioni di utilizzo prima di accedere a questo sito web.L&#8217;accesso e il suo utilizzo presuppongono l&#8217;accettazione da parte dell&#8217;utente dei termini qui descritti [&hellip;]<\/p>\n","protected":false},"author":2,"featured_media":0,"parent":0,"menu_order":0,"comment_status":"closed","ping_status":"closed","template":"","meta":{"footnotes":""},"class_list":["post-2579","page","type-page","status-publish","hentry"],"yoast_head":"<!-- This site is optimized with the Yoast SEO plugin v27.5 - https:\/\/yoast.com\/product\/yoast-seo-wordpress\/ -->\n<title>Note legali - Bimec Trasformatori<\/title>\n<meta name=\"robots\" content=\"index, follow, max-snippet:-1, max-image-preview:large, max-video-preview:-1\" \/>\n<link rel=\"canonical\" href=\"https:\/\/www.bimectrasformatori.com\/it\/note-legali\/\" \/>\n<meta property=\"og:locale\" content=\"it_IT\" \/>\n<meta property=\"og:type\" content=\"article\" \/>\n<meta property=\"og:title\" content=\"Note legali - Bimec Trasformatori\" \/>\n<meta property=\"og:description\" content=\"note legali TERMINI DI UTILIZZO DEL SITO WWW.BIMECTRASFORMATORI.COM Bi-mec s.r.l. mette a disposizione al pubblico attraverso questo sito web servizi e informazioni (qui di seguito denominati &#8220;contenuti&#8221;).Si prega di leggere attentamente le condizioni di utilizzo prima di accedere a questo sito web.L&#8217;accesso e il suo utilizzo presuppongono l&#8217;accettazione da parte dell&#8217;utente dei termini qui descritti [&hellip;]\" \/>\n<meta property=\"og:url\" content=\"https:\/\/www.bimectrasformatori.com\/it\/note-legali\/\" \/>\n<meta property=\"og:site_name\" content=\"Bimec Trasformatori\" \/>\n<meta property=\"article:modified_time\" content=\"2025-12-15T11:11:36+00:00\" \/>\n<meta name=\"twitter:card\" content=\"summary_large_image\" \/>\n<meta name=\"twitter:label1\" content=\"Tempo di lettura stimato\" \/>\n\t<meta name=\"twitter:data1\" content=\"5 minuti\" \/>\n<script type=\"application\/ld+json\" class=\"yoast-schema-graph\">{\"@context\":\"https:\\\/\\\/schema.org\",\"@graph\":[{\"@type\":\"WebPage\",\"@id\":\"https:\\\/\\\/www.bimectrasformatori.com\\\/it\\\/note-legali\\\/\",\"url\":\"https:\\\/\\\/www.bimectrasformatori.com\\\/it\\\/note-legali\\\/\",\"name\":\"Note legali - Bimec Trasformatori\",\"isPartOf\":{\"@id\":\"https:\\\/\\\/www.bimectrasformatori.com\\\/it\\\/#website\"},\"datePublished\":\"2021-01-22T14:46:20+00:00\",\"dateModified\":\"2025-12-15T11:11:36+00:00\",\"breadcrumb\":{\"@id\":\"https:\\\/\\\/www.bimectrasformatori.com\\\/it\\\/note-legali\\\/#breadcrumb\"},\"inLanguage\":\"it-IT\",\"potentialAction\":[{\"@type\":\"ReadAction\",\"target\":[\"https:\\\/\\\/www.bimectrasformatori.com\\\/it\\\/note-legali\\\/\"]}]},{\"@type\":\"BreadcrumbList\",\"@id\":\"https:\\\/\\\/www.bimectrasformatori.com\\\/it\\\/note-legali\\\/#breadcrumb\",\"itemListElement\":[{\"@type\":\"ListItem\",\"position\":1,\"name\":\"Home\",\"item\":\"https:\\\/\\\/www.bimectrasformatori.com\\\/it\\\/\"},{\"@type\":\"ListItem\",\"position\":2,\"name\":\"Note legali\"}]},{\"@type\":\"WebSite\",\"@id\":\"https:\\\/\\\/www.bimectrasformatori.com\\\/it\\\/#website\",\"url\":\"https:\\\/\\\/www.bimectrasformatori.com\\\/it\\\/\",\"name\":\"Bimec Trasformatori\",\"description\":\"TRASFORMATORI ELETTRICI\",\"publisher\":{\"@id\":\"https:\\\/\\\/www.bimectrasformatori.com\\\/it\\\/#organization\"},\"potentialAction\":[{\"@type\":\"SearchAction\",\"target\":{\"@type\":\"EntryPoint\",\"urlTemplate\":\"https:\\\/\\\/www.bimectrasformatori.com\\\/it\\\/?s={search_term_string}\"},\"query-input\":{\"@type\":\"PropertyValueSpecification\",\"valueRequired\":true,\"valueName\":\"search_term_string\"}}],\"inLanguage\":\"it-IT\"},{\"@type\":\"Organization\",\"@id\":\"https:\\\/\\\/www.bimectrasformatori.com\\\/it\\\/#organization\",\"name\":\"Bimec Trasformatori\",\"url\":\"https:\\\/\\\/www.bimectrasformatori.com\\\/it\\\/\",\"logo\":{\"@type\":\"ImageObject\",\"inLanguage\":\"it-IT\",\"@id\":\"https:\\\/\\\/www.bimectrasformatori.com\\\/it\\\/#\\\/schema\\\/logo\\\/image\\\/\",\"url\":\"https:\\\/\\\/www.bimectrasformatori.com\\\/wp-content\\\/uploads\\\/2021\\\/01\\\/Logo-footer-1.png\",\"contentUrl\":\"https:\\\/\\\/www.bimectrasformatori.com\\\/wp-content\\\/uploads\\\/2021\\\/01\\\/Logo-footer-1.png\",\"width\":270,\"height\":88,\"caption\":\"Bimec Trasformatori\"},\"image\":{\"@id\":\"https:\\\/\\\/www.bimectrasformatori.com\\\/it\\\/#\\\/schema\\\/logo\\\/image\\\/\"}}]}<\/script>\n<!-- \/ Yoast SEO plugin. -->","yoast_head_json":{"title":"Note legali - Bimec Trasformatori","robots":{"index":"index","follow":"follow","max-snippet":"max-snippet:-1","max-image-preview":"max-image-preview:large","max-video-preview":"max-video-preview:-1"},"canonical":"https:\/\/www.bimectrasformatori.com\/it\/note-legali\/","og_locale":"it_IT","og_type":"article","og_title":"Note legali - Bimec Trasformatori","og_description":"note legali TERMINI DI UTILIZZO DEL SITO WWW.BIMECTRASFORMATORI.COM Bi-mec s.r.l. mette a disposizione al pubblico attraverso questo sito web servizi e informazioni (qui di seguito denominati &#8220;contenuti&#8221;).Si prega di leggere attentamente le condizioni di utilizzo prima di accedere a questo sito web.L&#8217;accesso e il suo utilizzo presuppongono l&#8217;accettazione da parte dell&#8217;utente dei termini qui descritti [&hellip;]","og_url":"https:\/\/www.bimectrasformatori.com\/it\/note-legali\/","og_site_name":"Bimec Trasformatori","article_modified_time":"2025-12-15T11:11:36+00:00","twitter_card":"summary_large_image","twitter_misc":{"Tempo di lettura stimato":"5 minuti"},"schema":{"@context":"https:\/\/schema.org","@graph":[{"@type":"WebPage","@id":"https:\/\/www.bimectrasformatori.com\/it\/note-legali\/","url":"https:\/\/www.bimectrasformatori.com\/it\/note-legali\/","name":"Note legali - Bimec Trasformatori","isPartOf":{"@id":"https:\/\/www.bimectrasformatori.com\/it\/#website"},"datePublished":"2021-01-22T14:46:20+00:00","dateModified":"2025-12-15T11:11:36+00:00","breadcrumb":{"@id":"https:\/\/www.bimectrasformatori.com\/it\/note-legali\/#breadcrumb"},"inLanguage":"it-IT","potentialAction":[{"@type":"ReadAction","target":["https:\/\/www.bimectrasformatori.com\/it\/note-legali\/"]}]},{"@type":"BreadcrumbList","@id":"https:\/\/www.bimectrasformatori.com\/it\/note-legali\/#breadcrumb","itemListElement":[{"@type":"ListItem","position":1,"name":"Home","item":"https:\/\/www.bimectrasformatori.com\/it\/"},{"@type":"ListItem","position":2,"name":"Note legali"}]},{"@type":"WebSite","@id":"https:\/\/www.bimectrasformatori.com\/it\/#website","url":"https:\/\/www.bimectrasformatori.com\/it\/","name":"Bimec Trasformatori","description":"TRASFORMATORI ELETTRICI","publisher":{"@id":"https:\/\/www.bimectrasformatori.com\/it\/#organization"},"potentialAction":[{"@type":"SearchAction","target":{"@type":"EntryPoint","urlTemplate":"https:\/\/www.bimectrasformatori.com\/it\/?s={search_term_string}"},"query-input":{"@type":"PropertyValueSpecification","valueRequired":true,"valueName":"search_term_string"}}],"inLanguage":"it-IT"},{"@type":"Organization","@id":"https:\/\/www.bimectrasformatori.com\/it\/#organization","name":"Bimec Trasformatori","url":"https:\/\/www.bimectrasformatori.com\/it\/","logo":{"@type":"ImageObject","inLanguage":"it-IT","@id":"https:\/\/www.bimectrasformatori.com\/it\/#\/schema\/logo\/image\/","url":"https:\/\/www.bimectrasformatori.com\/wp-content\/uploads\/2021\/01\/Logo-footer-1.png","contentUrl":"https:\/\/www.bimectrasformatori.com\/wp-content\/uploads\/2021\/01\/Logo-footer-1.png","width":270,"height":88,"caption":"Bimec Trasformatori"},"image":{"@id":"https:\/\/www.bimectrasformatori.com\/it\/#\/schema\/logo\/image\/"}}]}},"_links":{"self":[{"href":"https:\/\/www.bimectrasformatori.com\/it\/wp-json\/wp\/v2\/pages\/2579","targetHints":{"allow":["GET"]}}],"collection":[{"href":"https:\/\/www.bimectrasformatori.com\/it\/wp-json\/wp\/v2\/pages"}],"about":[{"href":"https:\/\/www.bimectrasformatori.com\/it\/wp-json\/wp\/v2\/types\/page"}],"author":[{"embeddable":true,"href":"https:\/\/www.bimectrasformatori.com\/it\/wp-json\/wp\/v2\/users\/2"}],"replies":[{"embeddable":true,"href":"https:\/\/www.bimectrasformatori.com\/it\/wp-json\/wp\/v2\/comments?post=2579"}],"version-history":[{"count":10,"href":"https:\/\/www.bimectrasformatori.com\/it\/wp-json\/wp\/v2\/pages\/2579\/revisions"}],"predecessor-version":[{"id":3095,"href":"https:\/\/www.bimectrasformatori.com\/it\/wp-json\/wp\/v2\/pages\/2579\/revisions\/3095"}],"wp:attachment":[{"href":"https:\/\/www.bimectrasformatori.com\/it\/wp-json\/wp\/v2\/media?parent=2579"}],"curies":[{"name":"wp","href":"https:\/\/api.w.org\/{rel}","templated":true}]}}